{"id":1547,"date":"2017-04-22T08:25:08","date_gmt":"2017-04-22T08:25:08","guid":{"rendered":"http:\/\/www.rozenblum.com\/david\/?page_id=1547"},"modified":"2025-03-19T12:44:10","modified_gmt":"2025-03-19T12:44:10","slug":"cv-projet","status":"publish","type":"page","link":"http:\/\/www.rozenblum.com\/david\/cv-projet\/","title":{"rendered":"CV"},"content":{"rendered":"<h2><span style=\"color: #600000;\">Parcours professionnel :<\/span><\/h2>\n<p>&nbsp;<\/p>\n<table style=\"height: 1139px;\" width=\"820\">\n<tbody>\n<tr>\n<td style=\"vertical-align: top; padding-top: 15px; border-top: 1px dotted #aaaaaa; width: 149px;\"><strong>DEPUIS mai 2022<\/strong><\/td>\n<td style=\"vertical-align: top; padding-top: 15px; border-top: 1px dotted #aaaaaa; width: 660px;\">\n<ul>\n<li>Designer produit et bijoux \u00e0 la Coque de Nacre-Paris<\/li>\n<li>Conception des nouveaux bijoux de l&rsquo;entreprise et de ses clients, design PLV et packaging. Veilles des tendances, participation aux diff\u00e9rents salons europ\u00e9ens, moodboards, croquis, conception 3D, planches techniques.<\/li>\n<\/ul>\n<\/td>\n<\/tr>\n<tr>\n<td style=\"vertical-align: top; width: 149px;\"><strong>de Juillet 2021 \u00e0 mai 2022<\/strong><\/td>\n<td style=\"vertical-align: top; width: 660px;\">\n<ul>\n<li>Designer \/ Concepteur 3D en joaillerie chez Aurouet de Mervelec<\/li>\n<li>Design et (ou) conception 3D de pi\u00e8ces de joaillerie pour les maisons de la place Vend\u00f4me et gestion de projet.<\/li>\n<\/ul>\n<\/td>\n<\/tr>\n<tr>\n<td style=\"vertical-align: top; padding-top: 15px; border-top: 1px dotted #aaaaaa; width: 149px;\"><strong>De mai 2019 \u00e0 juillet 2021<\/strong><\/td>\n<td style=\"vertical-align: top; padding-top: 15px; border-top: 1px dotted #aaaaaa; width: 660px;\">\n<ul>\n<li>Designer bijoux d&rsquo;Actuelle et Taly Bijoux<\/li>\n<li>Conception des nouveaux bijoux des boutiques et de leurs clients, set design, conception des newsletters et traveaux de Web-Marketing.<\/li>\n<\/ul>\n<\/td>\n<\/tr>\n<tr>\n<td style=\"vertical-align: top; padding-top: 15px; border-top: 1px dotted #aaaaaa; width: 149px;\"><strong>Ao\u00fbt 2018<\/strong><\/td>\n<td style=\"vertical-align: top; padding-top: 15px; border-top: 1px dotted #aaaaaa; width: 660px;\">\n<ul>\n<li>secr\u00e9taire chez Oodrive.<\/li>\n<\/ul>\n<\/td>\n<\/tr>\n<tr>\n<td style=\"vertical-align: top; padding-top: 15px; border-top: 1px dotted #aaaaaa; width: 149px;\"><strong>Ao\u00fbt 2017<\/strong><\/td>\n<td style=\"vertical-align: top; padding-top: 15px; border-top: 1px dotted #aaaaaa; width: 660px;\">\n<ul>\n<li>Vendeur chez Pylone.<\/li>\n<\/ul>\n<\/td>\n<\/tr>\n<tr>\n<td style=\"vertical-align: top; padding-top: 15px; border-top: 1px dotted #aaaaaa; width: 149px;\"><strong>Juin\/ Juillet 2017<\/strong><\/td>\n<td style=\"vertical-align: top; padding-top: 15px; border-top: 1px dotted #aaaaaa; width: 660px;\">\n<ul>\n<li>Stage dans l\u2019agence Aline HD, designer papier, set design<\/li>\n<li>Mon r\u00f4le: aide \u00e0 la production des vitrines Herm\u00e8s : mod\u00e9lisation 3D, production d\u2019objet en papier.<\/li>\n<\/ul>\n<\/td>\n<\/tr>\n<tr>\n<td style=\"vertical-align: top; padding-top: 15px; border-top: 1px dotted #aaaaaa; width: 149px;\"><strong>F\u00e9vrier 2017<\/strong><\/td>\n<td style=\"vertical-align: top; padding-top: 15px; border-top: 1px dotted #aaaaaa; width: 660px;\">\n<ul>\n<li>Stage au mus\u00e9e de la Nacre et de la Tabletterie.<\/li>\n<li>Mon r\u00f4le: r\u00e9imaginer les usages de l\u2019artisanat de la tabletterie dans des usages et objets contemporains<\/li>\n<\/ul>\n<\/td>\n<\/tr>\n<tr>\n<td style=\"vertical-align: top; padding-top: 15px; border-top: 1px dotted #aaaaaa; width: 149px;\"><strong>F\u00e9vrier \u00e0 Juillet\u00a02016<\/strong><\/td>\n<td style=\"vertical-align: top; padding-top: 15px; border-top: 1px dotted #aaaaaa; width: 660px;\">\n<ul>\n<li>Stage chez com\u2019municate, entreprise de communication sp\u00e9cialis\u00e9e dans l\u2019objet promotionnel, le packaging et les produits publicitaires<\/li>\n<\/ul>\n<\/td>\n<\/tr>\n<tr>\n<td style=\"vertical-align: top; padding-top: 15px; border-top: 1px dotted #aaaaaa; width: 149px;\"><strong>Et\u00e9 2015<\/strong><\/td>\n<td style=\"vertical-align: top; padding-top: 15px; border-top: 1px dotted #aaaaaa; width: 660px;\">\n<ul>\n<li>Caissier chez Monop\u2019<\/li>\n<\/ul>\n<\/td>\n<\/tr>\n<tr>\n<td style=\"vertical-align: top; padding-top: 15px; border-top: 1px dotted #aaaaaa; width: 149px;\"><strong>Janvier \/ Mars 2015<\/strong><\/td>\n<td style=\"vertical-align: top; padding-top: 15px; border-top: 1px dotted #aaaaaa; width: 660px;\">\n<ul>\n<li>Stage dans l\u2019entreprise Mazarine<\/li>\n<li>Mon r\u00f4le: cr\u00e9ation de coffrets de packagings et de mobiliers d\u2019expositions pour des grandes marques de luxe.<\/li>\n<\/ul>\n<\/td>\n<\/tr>\n<tr>\n<td style=\"vertical-align: top; padding-top: 15px; border-top: 1px dotted #aaaaaa; width: 149px;\"><strong>2014<\/strong><\/td>\n<td style=\"vertical-align: top; padding-top: 15px; border-top: 1px dotted #aaaaaa; width: 660px;\">\n<ul>\n<li>Participation au concours 2014: ECOPSE (\u00e9copolystyr\u00e8ne expans\u00e9)<\/li>\n<li>Participation au concours 2014: \u00abPrix Jean Prouv\u00e9\u00bb<\/li>\n<\/ul>\n<\/td>\n<\/tr>\n<tr>\n<td style=\"vertical-align: top; padding-top: 15px; border-top: 1px dotted #aaaaaa; width: 149px;\"><strong>2013<\/strong><\/td>\n<td style=\"vertical-align: top; padding-top: 15px; border-top: 1px dotted #aaaaaa; width: 660px;\">\n<ul>\n<li>Stage de deux mois en entreprise avec un designer en mobilier bois dans l\u2019entreprise Design D\u00e9coration.<\/li>\n<li>Mon r\u00f4le: r\u00e9alisation de mobilier et travaux de design d\u2019espace<\/li>\n<\/ul>\n<\/td>\n<\/tr>\n<tr>\n<td style=\"vertical-align: top; padding-top: 15px; border-top: 1px dotted #aaaaaa; width: 149px;\"><strong>2009<\/strong><\/td>\n<td style=\"vertical-align: top; padding-top: 15px; border-top: 1px dotted #aaaaaa; width: 660px;\">\n<ul>\n<li>Stage d\u2019une semaine en entreprise avec un designer en Packaging dans l\u2019entreprise Storex (Leader fran\u00e7ais des disques durs multim\u00e9dia).<\/li>\n<li>Mon r\u00f4le: r\u00e9alisation de communications visuelles pour les surfaces de packaging.<\/li>\n<\/ul>\n<\/td>\n<\/tr>\n<\/tbody>\n<\/table>\n<h2><span style=\"color: #600000;\">Etudes :<\/span><\/h2>\n<ul>\n<li>DSAA design produit ESAAB Alain Colas Nevers<\/li>\n<li>Licence 3 design produit Cr\u00e9apole puis passage en M1 design \u00e0 l\u2019EESAB, Brest<\/li>\n<li>BTS design de produits, Nevers<\/li>\n<li>Bac STI arts appliqu\u00e9s au lyc\u00e9e Fran\u00e7oisMansart, Saint Maur<\/li>\n<\/ul>\n<h2><span style=\"color: #600000;\">Logiciels :<\/span><\/h2>\n<table style=\"width: 73.5315%;\">\n<tbody>\n<tr>\n<td style=\"width: 8%;\" width=\"8%\"><\/td>\n<td style=\"margin: 10px; width: 20%;\" width=\"20%\">Rhinoc\u00e9ros<\/td>\n<td style=\"text-align: left; background-color: #f0c755; width: 5%;\" width=\"5%\"><\/td>\n<td style=\"text-align: left; background-color: #f0c755; width: 5%;\" width=\"5%\"><\/td>\n<td style=\"text-align: left; background-color: #f0c755; width: 5%;\" width=\"5%\"><\/td>\n<td style=\"text-align: left; background-color: #f0c755; width: 5%;\" width=\"5%\"><\/td>\n<td style=\"text-align: left; background-color: #f0c755; width: 5%;\" width=\"5%\"><\/td>\n<td style=\"text-align: left; background-color: #f0c755; width: 5%;\" width=\"5%\"><\/td>\n<td style=\"text-align: left; background-color: #f0c755; width: 4.93111%;\" width=\"5%\"><\/td>\n<td style=\"text-align: left; background-color: #f0c755; width: 5.06889%;\" width=\"5%\"><\/td>\n<td style=\"width: 5.60406%;\" width=\"32%\"><\/td>\n<\/tr>\n<tr>\n<td style=\"width: 8%;\" width=\"8%\"><\/td>\n<td style=\"width: 20%;\" width=\"20%\">Sketchup<\/td>\n<td style=\"text-align: left; background-color: #e2ad3b; width: 5%;\" width=\"5%\"><\/td>\n<td style=\"text-align: left; background-color: #e2ad3b; width: 5%;\" width=\"5%\"><\/td>\n<td style=\"text-align: left; background-color: #e2ad3b; width: 5%;\" width=\"5%\"><\/td>\n<td style=\"text-align: left; background-color: #e2ad3b; width: 5%;\" width=\"5%\"><\/td>\n<td style=\"text-align: left; background-color: #e2ad3b; width: 5%;\" width=\"5%\"><\/td>\n<td style=\"text-align: left; background-color: #e2ad3b; width: 5%;\" width=\"5%\"><\/td>\n<td style=\"text-align: left; background-color: #e2ad3b; width: 4.93111%;\" width=\"5%\"><\/td>\n<td style=\"text-align: left; background-color: #e2ad3b; width: 5.06889%;\" width=\"5%\"><\/td>\n<td style=\"width: 5.60406%;\" width=\"32%\"><\/td>\n<\/tr>\n<tr>\n<td style=\"width: 8%;\" width=\"8%\"><\/td>\n<td style=\"width: 20%;\" width=\"20%\">Cin\u00e9ma 4D<\/td>\n<td style=\"text-align: left; background-color: #bf5c00; width: 5%;\" width=\"5%\"><\/td>\n<td style=\"text-align: left; background-color: #bf5c00; width: 5%;\" width=\"5%\"><\/td>\n<td style=\"text-align: left; background-color: #bf5c00; width: 5%;\" width=\"5%\"><\/td>\n<td style=\"text-align: left; background-color: #bf5c00; width: 5%;\" width=\"5%\"><\/td>\n<td style=\"text-align: left; background-color: #bf5c00; width: 5%;\" width=\"5%\"><\/td>\n<td style=\"text-align: left; background-color: #bf5c00; width: 5%;\" width=\"5%\"><\/td>\n<td style=\"text-align: left; background-color: #bf5c00; width: 4.93111%;\" width=\"5%\"><\/td>\n<td style=\"text-align: left; background-color: #bf5c00; width: 5.06889%;\" width=\"5%\"><\/td>\n<td style=\"width: 5.60406%;\" width=\"32%\"><\/td>\n<\/tr>\n<tr>\n<td style=\"width: 8%;\" width=\"8%\"><\/td>\n<td style=\"margin: 10px; width: 20%;\" width=\"20%\">ZBRUSH<\/td>\n<td style=\"text-align: left; background-color: #f0c755; width: 5%;\" width=\"5%\"><\/td>\n<td style=\"text-align: left; background-color: #f0c755; width: 5%;\" width=\"5%\"><\/td>\n<td style=\"text-align: left; background-color: #f0c755; width: 5%;\" width=\"5%\"><\/td>\n<td style=\"text-align: left; background-color: #f0c755; width: 5%;\" width=\"5%\"><\/td>\n<td style=\"text-align: left; background-color: #f0c755; width: 5%;\" width=\"5%\"><\/td>\n<td style=\"text-align: left; background-color: #f0c755; width: 5%;\" width=\"5%\"><\/td>\n<td style=\"text-align: left; background-color: #f0c755; width: 4.93111%;\" width=\"5%\"><\/td>\n<td style=\"text-align: left; background-color: #f0c755; width: 5.06889%;\" width=\"5%\"><\/td>\n<td style=\"width: 5.60406%;\" width=\"32%\"><\/td>\n<\/tr>\n<tr>\n<td style=\"width: 8%;\" width=\"8%\"><\/td>\n<td style=\"width: 20%;\" width=\"20%\">3D max<\/td>\n<td style=\"text-align: left; background-color: #901811; width: 5%;\" width=\"5%\"><\/td>\n<td style=\"text-align: left; background-color: #901811; width: 5%;\" width=\"5%\"><\/td>\n<td style=\"text-align: left; background-color: #901811; width: 5%;\" width=\"5%\"><\/td>\n<td style=\"text-align: left; background-color: #901811; width: 5%;\" width=\"5%\"><\/td>\n<td style=\"text-align: left; background-color: #ffffff; width: 5%;\" width=\"5%\"><\/td>\n<td style=\"text-align: left; background-color: #ffffff; width: 5%;\" width=\"5%\"><\/td>\n<td style=\"text-align: left; background-color: #ffffff; width: 4.93111%;\" width=\"5%\"><\/td>\n<td style=\"text-align: left; background-color: #ffffff; width: 5.06889%;\" width=\"5%\"><\/td>\n<td style=\"width: 5.60406%;\" width=\"32%\"><\/td>\n<\/tr>\n<tr>\n<td style=\"width: 8%;\" width=\"8%\"><\/td>\n<td style=\"width: 20%;\" width=\"20%\">SolidWorks<\/td>\n<td style=\"text-align: left; background-color: #5c110f; width: 5%;\" width=\"5%\"><\/td>\n<td style=\"text-align: left; background-color: #5c110f; width: 5%;\" width=\"5%\"><\/td>\n<td style=\"text-align: left; background-color: #5c110f; width: 5%;\" width=\"5%\"><\/td>\n<td style=\"text-align: left; background-color: #5c110f; width: 5%;\" width=\"5%\"><\/td>\n<td style=\"text-align: left; background-color: #5c110f; width: 5%;\" width=\"5%\"><\/td>\n<td style=\"text-align: left; background-color: #5c110f; width: 5%;\" width=\"5%\"><\/td>\n<td style=\"text-align: left; background-color: #ffffff; width: 4.93111%;\" width=\"5%\"><\/td>\n<td style=\"text-align: left; background-color: #ffffff; width: 5.06889%;\" width=\"5%\"><\/td>\n<td style=\"width: 5.60406%;\" width=\"32%\"><\/td>\n<\/tr>\n<tr>\n<td style=\"width: 8%;\" width=\"8%\"><\/td>\n<td style=\"width: 20%;\" width=\"20%\">Keyshot<\/td>\n<td style=\"text-align: left; background-color: #e2ad3b; width: 5%;\" width=\"5%\"><\/td>\n<td style=\"text-align: left; background-color: #e2ad3b; width: 5%;\" width=\"5%\"><\/td>\n<td style=\"text-align: left; background-color: #e2ad3b; width: 5%;\" width=\"5%\"><\/td>\n<td style=\"text-align: left; background-color: #e2ad3b; width: 5%;\" width=\"5%\"><\/td>\n<td style=\"text-align: left; background-color: #e2ad3b; width: 5%;\" width=\"5%\"><\/td>\n<td style=\"text-align: left; background-color: #e2ad3b; width: 5%;\" width=\"5%\"><\/td>\n<td style=\"text-align: left; background-color: #e2ad3b; width: 4.93111%;\" width=\"5%\"><\/td>\n<td style=\"text-align: left; background-color: #e2ad3b; width: 5.06889%;\" width=\"5%\"><\/td>\n<td style=\"width: 5.60406%;\" width=\"32%\"><\/td>\n<\/tr>\n<tr>\n<td style=\"width: 8%;\" width=\"8%\"><\/td>\n<td style=\"width: 20%;\" width=\"20%\">Vray<\/td>\n<td style=\"text-align: left; background-color: #e2ad3b; width: 5%;\" width=\"5%\"><\/td>\n<td style=\"text-align: left; background-color: #e2ad3b; width: 5%;\" width=\"5%\"><\/td>\n<td style=\"text-align: left; background-color: #e2ad3b; width: 5%;\" width=\"5%\"><\/td>\n<td style=\"text-align: left; background-color: #e2ad3b; width: 5%;\" width=\"5%\"><\/td>\n<td style=\"text-align: left; background-color: #e2ad3b; width: 5%;\" width=\"5%\"><\/td>\n<td style=\"text-align: left; background-color: #e2ad3b; width: 5%;\" width=\"5%\"><\/td>\n<td style=\"text-align: left; background-color: #e2ad3b; width: 4.93111%;\" width=\"5%\"><\/td>\n<td style=\"text-align: left; background-color: #e2ad3b; width: 5.06889%;\" width=\"5%\"><\/td>\n<td style=\"width: 5.60406%;\" width=\"32%\"><\/td>\n<\/tr>\n<tr>\n<td style=\"width: 8%;\" width=\"8%\"><\/td>\n<td style=\"width: 20%;\" width=\"20%\">Blender<\/td>\n<td style=\"text-align: left; background-color: #e2ad3b; width: 5%;\" width=\"5%\"><\/td>\n<td style=\"text-align: left; background-color: #e2ad3b; width: 5%;\" width=\"5%\"><\/td>\n<td style=\"text-align: left; background-color: #e2ad3b; width: 5%;\" width=\"5%\"><\/td>\n<td style=\"text-align: left; background-color: #e2ad3b; width: 5%;\" width=\"5%\"><\/td>\n<td style=\"text-align: left; background-color: #e2ad3b; width: 5%;\" width=\"5%\"><\/td>\n<td style=\"text-align: left; background-color: #e2ad3b; width: 5%;\" width=\"5%\"><\/td>\n<td style=\"width: 4.93111%;\" width=\"32%\"><\/td>\n<\/tr>\n<tr>\n<td style=\"width: 8%;\" width=\"8%\"><\/td>\n<td style=\"width: 20%;\" width=\"20%\">Photoshop<\/td>\n<td style=\"text-align: left; background-color: #901811; width: 5%;\" width=\"5%\"><\/td>\n<td style=\"text-align: left; background-color: #901811; width: 5%;\" width=\"5%\"><\/td>\n<td style=\"text-align: left; background-color: #901811; width: 5%;\" width=\"5%\"><\/td>\n<td style=\"text-align: left; background-color: #901811; width: 5%;\" width=\"5%\"><\/td>\n<td style=\"text-align: left; background-color: #901811; width: 5%;\" width=\"5%\"><\/td>\n<td style=\"text-align: left; background-color: #901811; width: 5%;\" width=\"5%\"><\/td>\n<td style=\"text-align: left; background-color: #901811; width: 4.93111%;\" width=\"5%\"><\/td>\n<td style=\"text-align: left; background-color: #901811; width: 5.06889%;\" width=\"5%\"><\/td>\n<td style=\"width: 5.60406%;\" width=\"32%\"><\/td>\n<\/tr>\n<tr>\n<td style=\"width: 8%;\" width=\"8%\"><\/td>\n<td style=\"width: 20%;\" width=\"20%\">Illustrator<\/td>\n<td style=\"text-align: left; background-color: #bf5c00; width: 5%;\" width=\"5%\"><\/td>\n<td style=\"text-align: left; background-color: #bf5c00; width: 5%;\" width=\"5%\"><\/td>\n<td style=\"text-align: left; background-color: #bf5c00; width: 5%;\" width=\"5%\"><\/td>\n<td style=\"text-align: left; background-color: #bf5c00; width: 5%;\" width=\"5%\"><\/td>\n<td style=\"text-align: left; background-color: #bf5c00; width: 5%;\" width=\"5%\"><\/td>\n<td style=\"text-align: left; background-color: #bf5c00; width: 5%;\" width=\"5%\"><\/td>\n<td style=\"text-align: left; background-color: #bf5c00; width: 4.93111%;\" width=\"5%\"><\/td>\n<td style=\"text-align: left; background-color: #bf5c00; width: 5.06889%;\" width=\"5%\"><\/td>\n<td style=\"width: 5.60406%;\" width=\"32%\"><\/td>\n<\/tr>\n<tr>\n<td style=\"width: 8%;\" width=\"8%\"><\/td>\n<td style=\"width: 20%;\" width=\"20%\">In design<\/td>\n<td style=\"text-align: left; background-color: #e2ad3b; width: 5%;\" width=\"5%\"><\/td>\n<td style=\"text-align: left; background-color: #e2ad3b; width: 5%;\" width=\"5%\"><\/td>\n<td style=\"text-align: left; background-color: #e2ad3b; width: 5%;\" width=\"5%\"><\/td>\n<td style=\"text-align: left; background-color: #e2ad3b; width: 5%;\" width=\"5%\"><\/td>\n<td style=\"text-align: left; background-color: #e2ad3b; width: 5%;\" width=\"5%\"><\/td>\n<td style=\"text-align: left; background-color: #e2ad3b; width: 5%;\" width=\"5%\"><\/td>\n<td style=\"text-align: left; background-color: #e2ad3b; width: 4.93111%;\" width=\"5%\"><\/td>\n<td style=\"text-align: left; background-color: #e2ad3b; width: 5.06889%;\" width=\"5%\"><\/td>\n<td style=\"width: 5.60406%;\" width=\"32%\"><\/td>\n<\/tr>\n<\/tbody>\n<\/table>\n<h2><span style=\"color: #600000;\">Langues :<\/span><\/h2>\n<ul>\n<li>Anglais<\/li>\n<li>Fran\u00e7ais<\/li>\n<\/ul>\n<h2><span style=\"color: #600000;\">Int\u00e9r\u00eats :<\/span><\/h2>\n<ul>\n<li>Cuisines<\/li>\n<li>Tennis<\/li>\n<li>Piano<\/li>\n<li>Peinture \u00e0 l&rsquo;huile<\/li>\n<li>Cours de c\u00e9ramique \u00e0 l&rsquo;atelier Terre et feu (Paris 75003)<\/li>\n<\/ul>\n","protected":false},"excerpt":{"rendered":"<p>Parcours professionnel : &nbsp; DEPUIS mai 2022 Designer produit et bijoux \u00e0 la Coque de Nacre-Paris Conception des nouveaux bijoux de l&rsquo;entreprise et de ses clients, design PLV et packaging. Veilles des tendances, participation aux diff\u00e9rents salons europ\u00e9ens, moodboards, croquis, conception 3D, planches techniques. de Juillet 2021 \u00e0 mai 2022 Designer \/ Concepteur 3D en [&hellip;]<\/p>\n","protected":false},"author":2,"featured_media":0,"parent":0,"menu_order":0,"comment_status":"closed","ping_status":"closed","template":"template-left-sidebar.php","meta":[],"_links":{"self":[{"href":"http:\/\/www.rozenblum.com\/david\/wp-json\/wp\/v2\/pages\/1547"}],"collection":[{"href":"http:\/\/www.rozenblum.com\/david\/wp-json\/wp\/v2\/pages"}],"about":[{"href":"http:\/\/www.rozenblum.com\/david\/wp-json\/wp\/v2\/types\/page"}],"author":[{"embeddable":true,"href":"http:\/\/www.rozenblum.com\/david\/wp-json\/wp\/v2\/users\/2"}],"replies":[{"embeddable":true,"href":"http:\/\/www.rozenblum.com\/david\/wp-json\/wp\/v2\/comments?post=1547"}],"version-history":[{"count":75,"href":"http:\/\/www.rozenblum.com\/david\/wp-json\/wp\/v2\/pages\/1547\/revisions"}],"predecessor-version":[{"id":1976,"href":"http:\/\/www.rozenblum.com\/david\/wp-json\/wp\/v2\/pages\/1547\/revisions\/1976"}],"wp:attachment":[{"href":"http:\/\/www.rozenblum.com\/david\/wp-json\/wp\/v2\/media?parent=1547"}],"curies":[{"name":"wp","href":"https:\/\/api.w.org\/{rel}","templated":true}]}}